{"id":611,"date":"2024-03-20T16:19:59","date_gmt":"2024-03-20T15:19:59","guid":{"rendered":"https:\/\/tukexperience.com\/servicios\/"},"modified":"2024-04-05T02:21:05","modified_gmt":"2024-04-05T00:21:05","slug":"servicios","status":"publish","type":"page","link":"https:\/\/tukexperience.com\/es\/servicios\/","title":{"rendered":"Servicios"},"content":{"rendered":"<div class=\"wpb-content-wrapper\"><p>[vc_row css=\u00bb.vc_custom_1711990038911{margin-bottom: 0px !important;border-bottom-width: 0px !important;}\u00bb][vc_column][vc_row_inner][vc_column_inner]<div class=\"tours-tabs\">\n\t<ul class=\"nav nav-tabs\">\n\t<li class=\"active\"><a href=\"#attab1_1\" data-toggle=\"tab\">Detalles<\/a><\/li><li><a href=\"#attab1_2\" data-toggle=\"tab\">Cruceros<\/a><\/li><li><a href=\"#attab1_3\" data-toggle=\"tab\">Tour operadores<\/a><\/li><li><a href=\"#attab1_4\" data-toggle=\"tab\">OPC<\/a><\/li>\t<\/ul>\n\t<div class=\"tab-content\">\n\t<div class=\"tab-pane active\" id=\"attab1_1\"><div class=\"tours-tabs__content padding-all\">Tuk Experience promueve un novedoso producto enfocado a ofrecer una respuesta de movilidad sostenible y una experiencia inmersiva en las ciudades m\u00e1s visitadas por los viajeros. Por eso apostamos por un proyecto integrador, tendiendo puentes de colaboraci\u00f3n con todo tipo de grupos de inter\u00e9s: gu\u00edas tur\u00edsticos, touroperadores, organizadores de congresos, autoridades locales y regionales&#8230;<\/div><\/div><div class=\"tab-pane\" id=\"attab1_2\"><div class=\"tours-tabs__content padding-all\">Sabemos que los detalles cuentan mucho y que el turista aprecia el servicio personalizado que le haga sentirse el protagonista de su viaje.<\/div><\/div><\/div><\/div>\n<p>Dise\u00f1aremos un detalle exclusivo para las rutas contratadas por cada naviera. Los viajeros notar\u00e1n la diferencia y disfrutar\u00e1n de un trato preferente y de alto nivel.<div class=\"tab-pane\" id=\"attab1_3\"><div class=\"tours-tabs__content padding-all\">Cuidamos los detalles y huimos del concepto low cost. Nuestro objetivo aprecia el turismo sostenible y la inmersi\u00f3n cultural. Nuestros veh\u00edculos est\u00e1n dise\u00f1ados para viajeros que valoran la calidad y el contacto de primera mano, para disfrutar de su experiencia desde una perspectiva local. Sin duda, se trata de un servicio exclusivo y diferenciador.<\/div><\/div><div class=\"tab-pane\" id=\"attab1_4\"><div class=\"tours-tabs__content padding-all\">Los Tuk-Tuk son unos veh\u00edculos urbanos adaptados para la actividad tur\u00edstica en el entorno de las ciudades.<br \/>Sin emisiones, con un motor 100% el\u00e9ctrico, los Tuk-Tuk cuentan con cuatro c\u00f3modas plazas para que cualquier turista pueda descubrir los atractivos principales de tu destino.<\/div><\/div>\t\n[vc_empty_space css=\u00bb.vc_custom_1711363555069{background-color: #ffffff !important;}\u00bb][vc_single_image image=\u00bb479&#8243; img_size=\u00bb580&#215;290&#8243; alignment=\u00bbcenter\u00bb css=\u00bb.vc_custom_1711969070545{margin-bottom: 0px !important;background-color: #ffffff !important;}\u00bb][vc_empty_space height=\u00bb10px\u00bb css=\u00bb.vc_custom_1711622540587{margin-bottom: 0px !important;background-color: #ffffff !important;}\u00bb][vc_column_text css=\u00bb.vc_custom_1711990062555{margin-top: 0px !important;margin-bottom: 0px !important;background-color: #ffffff !important;}\u00bb]<\/p><div class=\"wp-block-group has-white-background-color has-background is-content-justification-center is-nowrap is-layout-flex wp-container-core-group-is-layout-94bc23d7 wp-block-group-is-layout-flex\">&#13;\n<figure><\/figure><figure class=\"wp-block-image size-full is-resized\"><img loading=\"lazy\" decoding=\"async\" class=\"alignnone wp-image-481\" src=\"https:\/\/tukexperience.com\/wp-content\/uploads\/2024\/04\/SERVICIOS_Cruceros_2.jpg\" alt=\"\" width=\"120\" height=\"80\" srcset=\"https:\/\/tukexperience.com\/wp-content\/uploads\/2024\/04\/SERVICIOS_Cruceros_2.jpg 240w, https:\/\/tukexperience.com\/wp-content\/uploads\/2024\/04\/SERVICIOS_Cruceros_2-180x120.jpg 180w\" sizes=\"auto, (max-width: 120px) 100vw, 120px\" \/><\/figure>\r\n\r\n&#13;\n<figure class=\"wp-block-image size-full is-resized\"><img loading=\"lazy\" decoding=\"async\" class=\"alignnone wp-image-482\" src=\"https:\/\/tukexperience.com\/wp-content\/uploads\/2024\/04\/SERVICIOS_Opc_2.jpg\" alt=\"\" width=\"120\" height=\"80\" srcset=\"https:\/\/tukexperience.com\/wp-content\/uploads\/2024\/04\/SERVICIOS_Opc_2.jpg 240w, https:\/\/tukexperience.com\/wp-content\/uploads\/2024\/04\/SERVICIOS_Opc_2-180x120.jpg 180w\" sizes=\"auto, (max-width: 120px) 100vw, 120px\" \/><\/figure>\r\n\r\n&#13;\n<figure class=\"wp-block-image size-full is-resized\"><img loading=\"lazy\" decoding=\"async\" class=\"alignnone wp-image-483\" src=\"https:\/\/tukexperience.com\/wp-content\/uploads\/2024\/04\/SERVICIOS_Galeria_1.jpg\" alt=\"\" width=\"120\" height=\"80\" srcset=\"https:\/\/tukexperience.com\/wp-content\/uploads\/2024\/04\/SERVICIOS_Galeria_1.jpg 240w, https:\/\/tukexperience.com\/wp-content\/uploads\/2024\/04\/SERVICIOS_Galeria_1-180x120.jpg 180w\" sizes=\"auto, (max-width: 120px) 100vw, 120px\" \/><\/figure>\r\n\r\n&#13;\n<figure class=\"wp-block-image size-full is-resized\"><img loading=\"lazy\" decoding=\"async\" class=\"alignnone wp-image-484\" src=\"https:\/\/tukexperience.com\/wp-content\/uploads\/2024\/04\/SERVICIOS_Galeria_2.jpg\" alt=\"\" width=\"120\" height=\"80\" srcset=\"https:\/\/tukexperience.com\/wp-content\/uploads\/2024\/04\/SERVICIOS_Galeria_2.jpg 240w, https:\/\/tukexperience.com\/wp-content\/uploads\/2024\/04\/SERVICIOS_Galeria_2-180x120.jpg 180w\" sizes=\"auto, (max-width: 120px) 100vw, 120px\" \/><\/figure><p><\/p>\r\n<\/div>\r\n<p><\/p><p>[\/vc_column_text][vc_empty_space css=\u00bb.vc_custom_1711990011581{margin-top: 0px !important;background-color: #ffffff !important;}\u00bb][\/vc_column_inner][\/vc_row_inner][\/vc_column][\/vc_row]<\/p><\/div>","protected":false},"excerpt":{"rendered":"<p>[vc_row css=\u00bb.vc_custom_1711990038911{margin-bottom: 0px !important;border-bottom-width: 0px !important;}\u00bb][vc_column][vc_row_inner][vc_column_inner][vc_empty_space css=\u00bb.vc_custom_1711363555069{background-color: #ffffff !important;}\u00bb][vc_single_image image=\u00bb479&#8243; img_size=\u00bb580&#215;290&#8243; alignment=\u00bbcenter\u00bb css=\u00bb.vc_custom_1711969070545{margin-bottom: 0px !important;background-color: #ffffff !important;}\u00bb][vc_empty_space height=\u00bb10px\u00bb css=\u00bb.vc_custom_1711622540587{margin-bottom: 0px !important;background-color: #ffffff !important;}\u00bb][vc_column_text css=\u00bb.vc_custom_1711990062555{margin-top: 0px !important;margin-bottom: 0px !important;background-color: #ffffff !important;}\u00bb] [\/vc_column_text][vc_empty_space css=\u00bb.vc_custom_1711990011581{margin-top: 0px !important;background-color: #ffffff !important;}\u00bb][\/vc_column_inner][\/vc_row_inner][\/vc_column][\/vc_row]<\/p>\n","protected":false},"author":1,"featured_media":0,"parent":0,"menu_order":0,"comment_status":"closed","ping_status":"closed","template":"","meta":{"footnotes":""},"class_list":["post-611","page","type-page","status-publish","hentry"],"_links":{"self":[{"href":"https:\/\/tukexperience.com\/es\/wp-json\/wp\/v2\/pages\/611","targetHints":{"allow":["GET"]}}],"collection":[{"href":"https:\/\/tukexperience.com\/es\/wp-json\/wp\/v2\/pages"}],"about":[{"href":"https:\/\/tukexperience.com\/es\/wp-json\/wp\/v2\/types\/page"}],"author":[{"embeddable":true,"href":"https:\/\/tukexperience.com\/es\/wp-json\/wp\/v2\/users\/1"}],"replies":[{"embeddable":true,"href":"https:\/\/tukexperience.com\/es\/wp-json\/wp\/v2\/comments?post=611"}],"version-history":[{"count":6,"href":"https:\/\/tukexperience.com\/es\/wp-json\/wp\/v2\/pages\/611\/revisions"}],"predecessor-version":[{"id":675,"href":"https:\/\/tukexperience.com\/es\/wp-json\/wp\/v2\/pages\/611\/revisions\/675"}],"wp:attachment":[{"href":"https:\/\/tukexperience.com\/es\/wp-json\/wp\/v2\/media?parent=611"}],"curies":[{"name":"wp","href":"https:\/\/api.w.org\/{rel}","templated":true}]}}