{"id":699,"date":"2024-02-28T13:24:46","date_gmt":"2024-02-28T12:24:46","guid":{"rendered":"https:\/\/tukexperience.com\/aviso-legal\/"},"modified":"2024-04-05T12:42:24","modified_gmt":"2024-04-05T10:42:24","slug":"aviso-legal","status":"publish","type":"page","link":"https:\/\/tukexperience.com\/es\/aviso-legal\/","title":{"rendered":"Aviso Legal"},"content":{"rendered":"<h2 class=\"wp-block-heading\">1. LEY DE SERVICIOS DE LA SOCIEDAD DE LA INFORMACI\u00d3N Y COMERCIO ELECTR\u00d3NICO<\/h2><p>En cumplimiento de lo dispuesto en el art. 10 de la Ley 34\/2002 de 11 de julio de Servicios de la Sociedad de la Informaci\u00f3n (L.S.S.I.) , se da a conocer la siguiente Informaci\u00f3n General.<\/p><h2 class=\"wp-block-heading\">2. DOMINIOS<\/h2><p>Que el dominio www.tukexperience.com pertenece a HELGAN TRAVEL GREEN, S.L. con domicilio social en Lugar A Rega, 45 , 15108 \u2013 Carballo (A Coru\u00f1a); sociedad inscrita en el Registro Mercantil y provista de CIF B56722572.<\/p><h2 class=\"wp-block-heading\">3. CONDICIONES DE USO<\/h2><h3 class=\"wp-block-heading\">I. USUARIOS\/AS<\/h3><p>El acceso y\/o uso del sitio web www.tukexperience.com, en adelante denominados \u201cSitios web\u201d, atribuye a quien lo realiza la condici\u00f3n de usuario\/a, aceptando, desde ese mismo momento, plenamente y sin reserva alguna, las presentes condiciones generales, as\u00ed como las condiciones particulares que, en su caso, complementen, modifiquen o sustituyan las condiciones generales en relaci\u00f3n con determinados servicios y contenidos del sitio web.<\/p><h3 class=\"wp-block-heading\">II. USO DEL SITIO WEB, SUS SERVICIOS Y CONTENIDOS <\/h3><p>El\/la usuario\/a se compromete a utilizar los sitios web y sus servicios y contenidos sin contravenir la legislaci\u00f3n vigente, la buena fe, los usos generalmente aceptados y el orden p\u00fablico.<br \/>As\u00ed mismo, queda prohibido el uso de los Sitios web con fines il\u00edcitos o lesivos contra Helgan Capital SL o cualquier\/a tercero\/a, o que, de cualquier forma, puedan causar perjuicio o impedir el normal funcionamiento de los Sitios web.<br \/>Respecto de los contenidos (informaciones, textos, gr\u00e1ficos, archivos de sonido y\/o imagen, fotograf\u00edas, dise\u00f1os, etc.), se proh\u00edbe:<\/p><ul class=\"wp-block-list\"><li>Su reproducci\u00f3n, distribuci\u00f3n o modificaci\u00f3n, a menos que se cuente con la autorizaci\u00f3n de sus leg\u00edtimos\/as titulares o resulte legalmente permitido.<\/li>\n\n<li>Cualquier vulneraci\u00f3n de los derechos de Helgan Capital SL o de sus leg\u00edtimos\/as titulares sobre los mismos.<\/li>\n\n<li>Su utilizaci\u00f3n para todo tipo de fines comerciales o publicitarios, distintos de los estrictamente permitidos.<\/li>\n\n<li>Cualquier intento de obtener los contenidos de los Sitios web por cualquier medio distinto de los que se pongan a disposici\u00f3n de los\/las usuarios\/as as\u00ed como de los que habitualmente se empleen en la red, siempre que no causen perjuicio alguno a la web.<\/li><\/ul><h3 class=\"wp-block-heading\">III. MODIFICACI\u00d3N UNILATERAL <\/h3><p>Helgan Travel Green SL podr\u00e1 modificar unilateralmente y sin previo aviso, siempre que lo considere oportuno, la estructura y dise\u00f1o de los Sitios web, as\u00ed como modificar o eliminar los servicios, los contenidos y las condiciones de acceso y\/o uso de los mismos.<\/p><h3 class=\"wp-block-heading\">IV. HIPERENLACES <\/h3><p>El establecimiento de cualquier \u00abhiperenlace\u00bb entre una p\u00e1gina web y los Sitios web estar\u00e1 sometido a las siguientes condiciones:<\/p><ul class=\"wp-block-list\"><li>No se permite la reproducci\u00f3n, ni total ni parcial, de ninguno de los servicios ni contenidos de los Sitios web.<\/li>\n\n<li>Salvo consentimiento previo y expreso, la p\u00e1gina web en la que se establezca el hiperenlace no contendr\u00e1 ninguna marca, nombre comercial, r\u00f3tulo de establecimiento, denominaci\u00f3n, logotipo, eslogan u otros signos distintivos pertenecientes a Helgan Travel Green SL.<\/li>\n\n<li>Bajo ninguna circunstancia, Helgan Travel Green SL ser\u00e1 responsable de los contenidos o servicios puestos a disposici\u00f3n del p\u00fablico en la p\u00e1gina web desde la que se realice el \u00abhiperenlace\u00bb ni de las informaciones y manifestaciones incluidas en las mismas.<\/li><\/ul><h3 class=\"wp-block-heading\">V. EXCLUSI\u00d3N DE GARANT\u00cdAS Y RESPONSABILIDAD<\/h3><p>Helgan Travel Green SL no otorga ninguna garant\u00eda ni se hace responsable, en ning\u00fan caso, de los da\u00f1os y perjuicios de cualquier naturaleza que pudieran traer causa de:<\/p><ul class=\"wp-block-list\"><li>La falta disponibilidad, mantenimiento y efectivo funcionamiento de los Sitios web y\/o de sus servicios o contenidos.<\/li>\n\n<li>La falta de utilidad, adecuaci\u00f3n o validez de los Sitios web y\/o de sus servicios o contenidos para satisfacer necesidades, actividades o resultados concretos o expectativas de los usuarios.<\/li>\n\n<li>La existencia de virus, programas maliciosos o lesivos en los contenidos.<\/li>\n\n<li>La recepci\u00f3n, obtenci\u00f3n, almacenamiento, difusi\u00f3n o transmisi\u00f3n, por parte de los\/las usuarios\/as, de los contenidos.<\/li>\n\n<li>El uso il\u00edcito, negligente, fraudulento, contrario a las presentes Condiciones Generales, a la buena fe, a los usos generalmente aceptados o al orden p\u00fablico, de los Sitios web, sus servicios o contenidos, por parte de los usuarios.<\/li>\n\n<li>La falta de licitud, calidad, fiabilidad, utilidad y disponibilidad de los servicios prestados por terceros\/as y puestos a disposici\u00f3n de los\/las usuarios\/as en los Sitios Web.<\/li>\n\n<li>El incumplimiento por parte de terceros de sus obligaciones o compromisos en relaci\u00f3n con los servicios prestados a los usuarios\/as a trav\u00e9s de los Sitios Web.<\/li><\/ul><h3 class=\"wp-block-heading\">VI. DURACI\u00d3N <\/h3><p>La duraci\u00f3n de la prestaci\u00f3n del servicio de los Sitios Web y de los servicios es de car\u00e1cter indefinido.<\/p><p>Sin perjuicio de lo anterior, v se reserva el derecho para interrumpir, suspender o terminar la prestaci\u00f3n del servicio de los Sitios web o de cualquiera de los servicios que lo integran, en los mismos t\u00e9rminos que se recogen en la condici\u00f3n tercera.<\/p><h3 class=\"wp-block-heading\">VII. LEGISLACI\u00d3N APLICABLE Y JURISDICCI\u00d3N <\/h3><p>Las presentes Condiciones Generales se regir\u00e1n por la legislaci\u00f3n espa\u00f1ola.<br \/>Las empresas integrantes de Helgan Travel Green SL y el usuario\/a, con renuncia expresa a cualquier otro fuero que pudiera corresponderles, se someten a la Jurisdicci\u00f3n de los Juzgados y Tribunales del domicilio del usuario para cuantas cuestiones pudieran suscitarse o acciones ejercitarse derivadas de la prestaci\u00f3n del servicio de la Web y de sus servicios y contenidos y sobre la interpretaci\u00f3n, aplicaci\u00f3n, cumplimiento o incumplimiento de lo aqu\u00ed establecido.<\/p><p>En el supuesto de que el Usuario\/a tenga su domicilio fuera de Espa\u00f1a, las empresas de Helgan Travel Green SL y el Usuario\/a, con renuncia expresa a cualquier otro fuero que pudiera corresponderles, se someten a la Jurisdicci\u00f3n de los Juzgados y Tribunales de Carballo.<\/p><h2 class=\"wp-block-heading\">4. USO DE COOKIES<\/h2><p>Los sitios web www.helgancapital.com utilizan cookies cuando un USUARIO\/A navega por sus sitios y p\u00e1ginas web. Las cookies utilizadas por \u00e9ste se asocian \u00fanicamente con un USUARIO\/A an\u00f3nimo y su ordenador y no proporcionan por s\u00ed el nombre y apellidos del USUARIO. Gracias a las cookies, resulta posible reconocer a los\/las USUARIOS\/AS registrados despu\u00e9s de que \u00e9stos se hayan registrado por primera vez, sin que tengan que registrarse en cada visita para acceder a las \u00e1reas y servicios reservados exclusivamente a ellos. Las cookies utilizadas no pueden leer datos de su disco duro ni leer los archivos cookie creados por otros proveedores. Los datos identificativos de la persona USUARIA son cifrados para mayor seguridad.<br \/>El\/la USUARIO\/A tiene la posibilidad de configurar su navegador para ser avisado en pantalla de la recepci\u00f3n de cookies y para impedir su instalaci\u00f3n en su disco duro. Por favor, consulte las instrucciones y manuales de su navegador para ampliar esta informaci\u00f3n. Para utilizar los Sitos web, no resulta necesario que el\/la USUARIO\/A permita la instalaci\u00f3n de las cookies enviadas por el sitio web, sin embargo, en tal caso ser\u00e1 necesario que el Usuario\/a se registre como tal en cada uno de los servicios cuya prestaci\u00f3n requiera el previo registro.<br \/>De igual manera, nuestros servidores web detectan de manera autom\u00e1tica la direcci\u00f3n IP y el nombre de dominio utilizados por el usuario\/a. Toda esta informaci\u00f3n es registrada en un fichero de actividad del servidor que permite el posterior procesamiento de los datos con el fin de obtener mediciones estad\u00edsticas que nos permitan conocer el n\u00famero de impresiones de p\u00e1ginas, el n\u00famero de visitas realizadas a nuestros servicios web, etc.<\/p><h2 class=\"wp-block-heading\">5. BAJA DE COMUNICACIONES COMERCIALES<\/h2><p>De conformidad con la ley de servicios de la sociedad de la informaci\u00f3n 34\/2002 se garantiza al usuario la posibilidad de dejar de recibir informaci\u00f3n comercial en un plazo m\u00e1ximo de un mes desde que comunique su voluntad mediante correo electr\u00f3nico dirigido a direccion@helgancapital.com.<\/p>","protected":false},"excerpt":{"rendered":"<p>1. LEY DE SERVICIOS DE LA SOCIEDAD DE LA INFORMACI\u00d3N Y COMERCIO ELECTR\u00d3NICO En cumplimiento de lo dispuesto en el art. 10 de la Ley 34\/2002 de 11 de julio de Servicios de la Sociedad de la Informaci\u00f3n (L.S.S.I.) , se da a conocer la siguiente Informaci\u00f3n General. 2. DOMINIOS Que el dominio www.tukexperience.com pertenece<\/p>\n<div class=\"padding-top text-center\"><a href=\"https:\/\/tukexperience.com\/es\/aviso-legal\/\" class=\"atbtn atbtn--medium atbtn--rounded atbtn--transparent\">Read more<i class=\"atbtn__icon atbtn__icon--right fa fa-long-arrow-right\"><\/i><\/a><\/div>\n","protected":false},"author":1,"featured_media":0,"parent":0,"menu_order":0,"comment_status":"closed","ping_status":"open","template":"","meta":{"footnotes":""},"class_list":["post-699","page","type-page","status-publish","hentry"],"_links":{"self":[{"href":"https:\/\/tukexperience.com\/es\/wp-json\/wp\/v2\/pages\/699","targetHints":{"allow":["GET"]}}],"collection":[{"href":"https:\/\/tukexperience.com\/es\/wp-json\/wp\/v2\/pages"}],"about":[{"href":"https:\/\/tukexperience.com\/es\/wp-json\/wp\/v2\/types\/page"}],"author":[{"embeddable":true,"href":"https:\/\/tukexperience.com\/es\/wp-json\/wp\/v2\/users\/1"}],"replies":[{"embeddable":true,"href":"https:\/\/tukexperience.com\/es\/wp-json\/wp\/v2\/comments?post=699"}],"version-history":[{"count":3,"href":"https:\/\/tukexperience.com\/es\/wp-json\/wp\/v2\/pages\/699\/revisions"}],"predecessor-version":[{"id":702,"href":"https:\/\/tukexperience.com\/es\/wp-json\/wp\/v2\/pages\/699\/revisions\/702"}],"wp:attachment":[{"href":"https:\/\/tukexperience.com\/es\/wp-json\/wp\/v2\/media?parent=699"}],"curies":[{"name":"wp","href":"https:\/\/api.w.org\/{rel}","templated":true}]}}