{"id":1029,"date":"2024-08-01T13:18:35","date_gmt":"2024-08-01T11:18:35","guid":{"rendered":"https:\/\/tukexperience.com\/?post_type=product&#038;p=1029"},"modified":"2024-08-14T12:54:04","modified_gmt":"2024-08-14T10:54:04","slug":"descubre-la-ciudad-copy","status":"publish","type":"product","link":"https:\/\/tukexperience.com\/es\/tours\/descubre-la-ciudad-copy\/","title":{"rendered":"Casco antiguo"},"content":{"rendered":"<div class=\"wpb-content-wrapper\"><p><img decoding=\"async\" src=\"https:\/\/tukexperience.com\/wp-content\/uploads\/2024\/08\/lisbon1.jpg\" \/><\/p>\n<p><center><\/center>Lisboa es una ciudad hist\u00f3rica que se actualiza con las nuevas tendencias cosmopolitas que celebran el ocio, la moda, el arte y la gastronom\u00eda. Su encanto es consecuencia de esta fusi\u00f3n entre modernidad y tradici\u00f3n. En esta ruta por el Casco Antiguo de Lisboa podr\u00e1s visitar la Catedral S\u00e9, uno de los edificios emblem\u00e1ticos de la capital por su valor hist\u00f3rico, religioso y arquitect\u00f3nico; la Igreja y Mosteiro de S\u00e3o Vicente de Fora, uno de los monumentos religiosos m\u00e1s grandes e importantes de la ciudad, y el Pante\u00e3o Nacional, clasificado como Monumento Nacional, donde reposan personajes ilustres de la historia y la cultura portuguesa. Esta ruta no estar\u00eda completa sin una visita a Alfama, uno de los barrios m\u00e1s antiguos y aut\u00e9nticos de la capital, que se caracteriza por sus calles estrechas, empinadas y coloridas (ideales para un paseo en tuk tuk), imbuidas de un esp\u00edritu que Te har\u00e1 sentir como si estuvieras en un peque\u00f1o pueblo en medio de la ciudad. Adem\u00e1s, el recorrido te ofrece la posibilidad de contemplar fant\u00e1sticas vistas de la ciudad, gracias a la visita de dos miradores que presentan un paisaje rico en monumentos hist\u00f3ricos y modernos que se fusionan. Re\u00fane un grupo de hasta seis amigos o familiares y ven a disfrutar de Lisboa. Conozca los secretos de esta ciudad centenaria a trav\u00e9s de esta ruta por el casco antiguo de Lisboa, de aproximadamente una hora de duraci\u00f3n. Le garantizamos que nuestros conductores y gu\u00edas lo har\u00e1n sentir como un verdadero lisboeta y compartir\u00e1n con usted conocimientos que solo los locales poseen.<\/p>\n<button class=\"atbtn atbtn--secondary1 atbtn--medium atbtn--square\">COMPRA TU TOUR AQU\u00cd<\/button>\n<p>&nbsp;<\/p>\n<table class=\"table table-bordered tours-tabs__table\" style=\"height: 335px;\" width=\"862\">\n<tbody>\n<tr style=\"height: 48px;\">\n<td style=\"height: 48px; width: 192px;\"><strong>DEPARTURE\/RETURN LOCATION<\/strong><\/td>\n<td style=\"height: 48px; width: 654px; color: #000;\">Restaurantes cercanos al <strong><a href=\"https:\/\/www.google.com\/maps\/place\/Hard+Rock+Cafe+Lisbon\/@38.7163557,-9.1436569,17z\/data=!4m5!3m4!1s0xd19338110b45f51:0xf96a8bcb4f69e12d!8m2!3d38.7165859!4d-9.1417686\" target=\"_blank\" rel=\"noopener\">Hard Rock Caf\u00e9<\/a><\/strong><\/td>\n<\/tr>\n<tr style=\"height: 72px;\">\n<td style=\"height: 72px; width: 192px;\"><strong>PARADAS<\/strong><\/td>\n<td style=\"height: 72px; width: 654px; text-align: justify;\">Catedral S\u00e9, Mirador de Santa Luzia, Mirador Portas do Sol, Mirador e Iglesia de Gra\u00e7a, Mirador Senhora do Monte, Monasterio e Iglesia de S. Vicente da Fora, Pante\u00f3n Nacional, Alfama<\/td>\n<\/tr>\n<tr style=\"height: 10px;\">\n<td style=\"height: 10px; width: 192px;\"><b><strong>IDIOMA<\/strong><\/b><\/td>\n<td style=\"height: 10px; width: 654px;\">Portugu\u00e9s, Ingl\u00e9s, Espa\u00f1ol Los tours se pueden realizar en otro idioma dependiendo de la disponibilidad del conductor. Por favor cont\u00e1ctenos si desea realizar un recorrido en otro idioma.<\/td>\n<\/tr>\n<tr style=\"height: 24px;\">\n<td style=\"height: 24px; width: 192px;\"><b><strong>NOTAS<\/strong><\/b><\/td>\n<td style=\"height: 24px; width: 654px;\">Tenga en cuenta que los beb\u00e9s y los ni\u00f1os ocupan un asiento. Al realizar la reserva, por favor inf\u00f3rmenos del n\u00famero de participantes mediante el cuadro de comentarios.<\/td>\n<\/tr>\n<tr>\n<td style=\"height: 24px; width: 192px;\"><b><strong>PRECIO<\/strong><\/b><\/td>\n<td style=\"height: 24px; width: 654px;\">80 \u20ac (M\u00e1ximo 6 personas)<\/td>\n<\/tr>\n<tr>\n<td style=\"height: 24px; width: 192px;\"><b><strong>TIEMPO<\/strong><\/b><\/td>\n<td style=\"height: 24px; width: 654px;\">60 minutos<\/td>\n<\/tr>\n<\/tbody>\n<\/table>\n<div class=\"last-posts\">\n<div class=\"title title--center title--underline title--decoration-bottom-center\">\n\t\t<h3 class=\"title__primary\">\u00daltimas publicaciones<\/h3>\n<\/div>\n\t\t<div class=\"last-posts__item last-posts__item--with-images\">\n\t\t<div class=\"last-posts__item__container\">\n\t\t<a href=\"https:\/\/tukexperience.com\/es\/la-magia-del-folclore-gallego\/\" class=\"last-posts__item__image-wrap\"><img loading=\"lazy\" decoding=\"async\" width=\"1140\" height=\"760\" src=\"https:\/\/tukexperience.com\/wp-content\/uploads\/2024\/08\/gaiteros-gallegos-23-1140x760.jpg\" class=\"attachment-thumb_last_posts_shortcode size-thumb_last_posts_shortcode wp-post-image\" alt=\"\" srcset=\"https:\/\/tukexperience.com\/wp-content\/uploads\/2024\/08\/gaiteros-gallegos-23-1140x760.jpg 1140w, https:\/\/tukexperience.com\/wp-content\/uploads\/2024\/08\/gaiteros-gallegos-23-300x200.jpg 300w, https:\/\/tukexperience.com\/wp-content\/uploads\/2024\/08\/gaiteros-gallegos-23-1024x682.jpg 1024w, https:\/\/tukexperience.com\/wp-content\/uploads\/2024\/08\/gaiteros-gallegos-23-768x512.jpg 768w, https:\/\/tukexperience.com\/wp-content\/uploads\/2024\/08\/gaiteros-gallegos-23-1536x1023.jpg 1536w, https:\/\/tukexperience.com\/wp-content\/uploads\/2024\/08\/gaiteros-gallegos-23-531x354.jpg 531w, https:\/\/tukexperience.com\/wp-content\/uploads\/2024\/08\/gaiteros-gallegos-23-600x400.jpg 600w, https:\/\/tukexperience.com\/wp-content\/uploads\/2024\/08\/gaiteros-gallegos-23-180x120.jpg 180w, https:\/\/tukexperience.com\/wp-content\/uploads\/2024\/08\/gaiteros-gallegos-23.jpg 1600w\" sizes=\"auto, (max-width: 1140px) 100vw, 1140px\" \/><\/a>\t\t\t<div class=\"last-posts__item__content\">\n\t\t\t\t<h3 class=\"last-posts__item__title\"><a href=\"https:\/\/tukexperience.com\/es\/la-magia-del-folclore-gallego\/\">La magia del folclore gallego<\/a><\/h3>\n\t\t\t\t<div class=\"last-posts__item__description\">Celebrar el folclore gallego es abrazar un legado rico y vibrante que nos conecta con nuestras ra\u00edces y tradiciones. Es un orgullo preservar y compartir<\/div>\n\t\t\t\t<a href=\"https:\/\/tukexperience.com\/es\/la-magia-del-folclore-gallego\/\" class=\"atbtn atbtn--rounded atbtn--medium atbtn--light\">Leer m\u00e1s<i class=\"atbtn__icon atbtn__icon--right fa fa-long-arrow-right\"><\/i><\/a>\n\t\t\t<\/div>\n\t\t<\/div>\n\t<\/div>\n\t<\/div>\n\n<p>&nbsp;<\/p>\n<p>&nbsp;<\/p>\n<p>[vc_row][vc_column width=\u00bb3\/3&#8243; css=\u00bb.vc_custom_1710874057037{background-color: #053366 !important;}\u00bb][vc_column_text]<\/p>\n<h2 style=\"text-align: center;\"><span style=\"color: #ffffff;\">Eventos especiales<\/span><\/h2>\n<p style=\"text-align: center;\"><span style=\"color: #ffffff;\">Tenga en cuenta que los beb\u00e9s y los ni\u00f1os ocupan un asiento. Al realizar la reserva, por favor inf\u00f3rmenos del n\u00famero de participantes mediante el cuadro de comentarios.<\/span><\/p>\n<p style=\"text-align: center;\"><button class=\"atbtn atbtn--secondary1 atbtn--medium atbtn--square\">CONT\u00c1CTANOS<\/button><\/p>\n<p>[\/vc_column_text][\/vc_column][\/vc_row][vc_row][vc_column][vc_empty_space][\/vc_column][\/vc_row]<\/p>\n<p>&nbsp;<\/p>\n\n<\/div>","protected":false},"excerpt":{"rendered":"<p>Visita el casco antiguo de Lisboa<\/p>\n","protected":false},"featured_media":1051,"comment_status":"open","ping_status":"closed","template":"","meta":[],"product_cat":[85],"product_tag":[],"class_list":{"0":"post-1029","1":"product","2":"type-product","3":"status-publish","4":"has-post-thumbnail","6":"product_cat-lisboa-es","7":"pa_choose-city-lisboa-es","8":"tour_category-lisbon-es","10":"first","11":"instock","12":"taxable","13":"shipping-taxable","14":"purchasable","15":"product-type-tour"},"_links":{"self":[{"href":"https:\/\/tukexperience.com\/es\/wp-json\/wp\/v2\/product\/1029","targetHints":{"allow":["GET"]}}],"collection":[{"href":"https:\/\/tukexperience.com\/es\/wp-json\/wp\/v2\/product"}],"about":[{"href":"https:\/\/tukexperience.com\/es\/wp-json\/wp\/v2\/types\/product"}],"replies":[{"embeddable":true,"href":"https:\/\/tukexperience.com\/es\/wp-json\/wp\/v2\/comments?post=1029"}],"wp:featuredmedia":[{"embeddable":true,"href":"https:\/\/tukexperience.com\/es\/wp-json\/wp\/v2\/media\/1051"}],"wp:attachment":[{"href":"https:\/\/tukexperience.com\/es\/wp-json\/wp\/v2\/media?parent=1029"}],"wp:term":[{"taxonomy":"product_cat","embeddable":true,"href":"https:\/\/tukexperience.com\/es\/wp-json\/wp\/v2\/product_cat?post=1029"},{"taxonomy":"product_tag","embeddable":true,"href":"https:\/\/tukexperience.com\/es\/wp-json\/wp\/v2\/product_tag?post=1029"}],"curies":[{"name":"wp","href":"https:\/\/api.w.org\/{rel}","templated":true}]}}