{"id":1110,"date":"2024-08-13T18:40:05","date_gmt":"2024-08-13T16:40:05","guid":{"rendered":"https:\/\/tukexperience.com\/?post_type=product&#038;p=1110"},"modified":"2025-03-26T11:30:03","modified_gmt":"2025-03-26T10:30:03","slug":"faro-time-travelling","status":"publish","type":"product","link":"https:\/\/tukexperience.com\/es\/tours\/faro-time-travelling\/","title":{"rendered":"Faro Time Travelling"},"content":{"rendered":"<div class=\"wpb-content-wrapper\"><p>&nbsp;<\/p>\n<p><img loading=\"lazy\" decoding=\"async\" class=\"alignnone wp-image-1114\" src=\"https:\/\/tukexperience.com\/wp-content\/uploads\/2024\/08\/faro-cathedral-tuk-tuk-300x225.png\" alt=\"\" width=\"719\" height=\"539\" srcset=\"https:\/\/tukexperience.com\/wp-content\/uploads\/2024\/08\/faro-cathedral-tuk-tuk-300x225.png 300w, https:\/\/tukexperience.com\/wp-content\/uploads\/2024\/08\/faro-cathedral-tuk-tuk-768x576.png 768w, https:\/\/tukexperience.com\/wp-content\/uploads\/2024\/08\/faro-cathedral-tuk-tuk-600x450.png 600w, https:\/\/tukexperience.com\/wp-content\/uploads\/2024\/08\/faro-cathedral-tuk-tuk.png 1000w\" sizes=\"auto, (max-width: 719px) 100vw, 719px\" \/><\/p>\n<p><center><\/center>Discover Algarve\u2019s capital in a new light and perspective. With this comprehensive overview, you\u2019ll be able to travel back in time and explore the history of a city that uses its past and present in a mix of cosmopolitan traditions in a never-before-seen way.<\/p>\n<p>You\u2019ll be astonished by the itinerary points that will have you moving effortlessly between the historical and contemporary sides of Faro. With this Faro tour, you\u2019ll get to see the downtown area, historical centre, and other emblematic places like Jardim da Alameda, the biggest green space in the capital, or Liceu Jo\u00e3o de Deus. Do you know what \u201cMonet Oblectando\u201d means? You will after you travel on a 100% electrical tuk tuk and pass by Lethes Theatre. There\u2019s an enormous variety of tiny details and little but meaningful fun facts that the drivers, who are also guides, will share with you. After all, it\u2019s the little things in life that make up the best and most memorable moments.<\/p>\n<p>Remember that dream of building a time machine and travelling back in time? During, approximately, one hour and fifteen minutes it will come true! Book your Faro Time Travelling tour now and explore the many sides and attractions that Faro has to offer.<\/p>\n<p>(So you don\u2019t get too curious here\u2019s the answer to the question above: \u201c<em>Monet Oblectando\u201d<\/em>\u00a0means learning while having fun)<\/p>\n<p>&nbsp;<\/p>\n<button class=\"atbtn atbtn--secondary1 atbtn--medium atbtn--square\">BOOK YOUR TOUR HERE<\/button>\n<p>&nbsp;<\/p>\n<table class=\"table table-bordered tours-tabs__table\" style=\"height: 360px;\" width=\"850\">\n<tbody>\n<tr style=\"height: 48px;\">\n<td style=\"height: 48px; width: 192px;\"><strong>DEPARTURE\/RETURN LOCATION<\/strong><\/td>\n<td style=\"height: 48px; width: 654px; color: #000;\">Manuel Bivar Garden (<a href=\"https:\/\/www.google.com\/maps\/place\/Jardim+Manuel+Bivar\/@37.0156821,-7.9354915,19z\/data=!4m12!1m6!3m5!1s0xd0552c0d3f94abd:0xfad309125450a006!2sJardim+Manuel+Bivar!8m2!3d37.0156671!4d-7.9349416!3m4!1s0xd0552c0d3f94abd:0xfad309125450a006!8m2!3d37.0156671!4d-7.9349416\" target=\"_blank\" rel=\"noopener\">clic here<\/a>)<\/td>\n<\/tr>\n<tr style=\"height: 72px;\">\n<td style=\"height: 72px; width: 192px;\"><strong>STOPS<\/strong><\/td>\n<td style=\"height: 72px; width: 654px; text-align: justify;\">Vila Adentro, Largo da Alagoa, Cerca seiscentista, Largo de S\u00e3o Francisco, Jardim da Alameda, Liceu Jo\u00e3o de Deus, Santo Ant\u00f3nio Church, Motoclube de Faro, S\u00e3o Lu\u00eds Church, Mercado Municipal, Aboim Ascens\u00e3o Avenue, Horta do Ourives, Ribeirinho Park, Carmo Church, Lethes Theatre<\/td>\n<\/tr>\n<tr style=\"height: 10px;\">\n<td style=\"height: 10px; width: 192px;\"><b><strong>LANGUAGE<\/strong><\/b><\/td>\n<td style=\"height: 10px; width: 654px;\">English, Portuguese, Spanish, French<\/td>\n<\/tr>\n<tr style=\"height: 24px;\">\n<td style=\"height: 24px; width: 192px;\"><b><strong>NOTES<\/strong><\/b><\/td>\n<td style=\"height: 24px; width: 654px;\">Please note that babies and children occupy one seat.This tour is not allowed for children under 6 years old.<\/td>\n<\/tr>\n<tr>\n<td style=\"height: 24px; width: 192px;\"><b><strong>PRICES<\/strong><\/b><\/td>\n<td style=\"height: 24px; width: 654px;\">\u00a055\u20ac (Maximum 4 people)<\/td>\n<\/tr>\n<tr>\n<td style=\"height: 24px; width: 192px;\"><b><strong>TIME<\/strong><\/b><\/td>\n<td style=\"height: 24px; width: 654px;\">75 minutes<\/td>\n<\/tr>\n<\/tbody>\n<\/table>\n<table class=\"table table-bordered tours-tabs__table\" style=\"height: 360px;\" width=\"850\">\n<tbody>\n<tr>\n<td style=\"height: 24px; width: 192px;\"><b><strong>INCLUDED<\/strong><\/b><\/td>\n<td style=\"height: 24px; width: 654px;\">\n<table class=\"table table-bordered\" style=\"height: 69px;\" width=\"366\">\n<tbody>\n<tr>\n<td>Driver\/Guide<\/td>\n<td><i class=\"fa fa-check icon-tick icon-tick--on\"><\/i>Stops to see the Monuments<\/td>\n<\/tr>\n<tr>\n<td><i class=\"fa fa-check icon-tick icon-tick--on\"><\/i>TUK TUK<\/td>\n<\/tr>\n<\/tbody>\n<\/table>\n<\/td>\n<\/tr>\n<tr>\n<td style=\"height: 24px; width: 192px;\"><b><strong>NOT INCLUDED<\/strong><\/b><\/td>\n<td style=\"height: 24px; width: 654px;\">Tickets to see\u00a0 the Monuments, driver tips<\/td>\n<\/tr>\n<\/tbody>\n<\/table>\n<p>&nbsp;<\/p>\n<div class=\"last-posts\">\n<div class=\"title title--center title--underline title--decoration-bottom-center\">\n\t\t<h3 class=\"title__primary\">Latest Posts<\/h3>\n<\/div>\n\t\t<div class=\"last-posts__item last-posts__item--with-images\">\n\t\t<div class=\"last-posts__item__container\">\n\t\t<a href=\"https:\/\/tukexperience.com\/es\/la-magia-del-folclore-gallego\/\" class=\"last-posts__item__image-wrap\"><img loading=\"lazy\" decoding=\"async\" width=\"1140\" height=\"760\" src=\"https:\/\/tukexperience.com\/wp-content\/uploads\/2024\/08\/gaiteros-gallegos-23-1140x760.jpg\" class=\"attachment-thumb_last_posts_shortcode size-thumb_last_posts_shortcode wp-post-image\" alt=\"\" srcset=\"https:\/\/tukexperience.com\/wp-content\/uploads\/2024\/08\/gaiteros-gallegos-23-1140x760.jpg 1140w, https:\/\/tukexperience.com\/wp-content\/uploads\/2024\/08\/gaiteros-gallegos-23-300x200.jpg 300w, https:\/\/tukexperience.com\/wp-content\/uploads\/2024\/08\/gaiteros-gallegos-23-1024x682.jpg 1024w, https:\/\/tukexperience.com\/wp-content\/uploads\/2024\/08\/gaiteros-gallegos-23-768x512.jpg 768w, https:\/\/tukexperience.com\/wp-content\/uploads\/2024\/08\/gaiteros-gallegos-23-1536x1023.jpg 1536w, https:\/\/tukexperience.com\/wp-content\/uploads\/2024\/08\/gaiteros-gallegos-23-531x354.jpg 531w, https:\/\/tukexperience.com\/wp-content\/uploads\/2024\/08\/gaiteros-gallegos-23-600x400.jpg 600w, https:\/\/tukexperience.com\/wp-content\/uploads\/2024\/08\/gaiteros-gallegos-23-180x120.jpg 180w, https:\/\/tukexperience.com\/wp-content\/uploads\/2024\/08\/gaiteros-gallegos-23.jpg 1600w\" sizes=\"auto, (max-width: 1140px) 100vw, 1140px\" \/><\/a>\t\t\t<div class=\"last-posts__item__content\">\n\t\t\t\t<h3 class=\"last-posts__item__title\"><a href=\"https:\/\/tukexperience.com\/es\/la-magia-del-folclore-gallego\/\">La magia del folclore gallego<\/a><\/h3>\n\t\t\t\t<div class=\"last-posts__item__description\">Celebrar el folclore gallego es abrazar un legado rico y vibrante que nos conecta con nuestras ra\u00edces y tradiciones. Es un orgullo preservar y compartir<\/div>\n\t\t\t\t<a href=\"https:\/\/tukexperience.com\/es\/la-magia-del-folclore-gallego\/\" class=\"atbtn atbtn--rounded atbtn--medium atbtn--light\">Read more<i class=\"atbtn__icon atbtn__icon--right fa fa-long-arrow-right\"><\/i><\/a>\n\t\t\t<\/div>\n\t\t<\/div>\n\t<\/div>\n\t<\/div>\n\n<p>&nbsp;<\/p>\n<p>&nbsp;<\/p>\n<p>[vc_row][vc_column width=\u00bb3\/3&#8243; css=\u00bb.vc_custom_1710874057037{background-color: #053366 !important;}\u00bb][vc_column_text]<\/p>\n<h2 style=\"text-align: center;\"><span style=\"color: #ffffff;\">Special events<\/span><\/h2>\n<p style=\"text-align: center;\"><span style=\"color: #ffffff;\">If you have a special occasion to celebrate, contact us directly<br \/>\nand we will design a tailor-made activity.<\/span><\/p>\n<p style=\"text-align: center;\"><button class=\"atbtn atbtn--secondary1 atbtn--medium atbtn--square\">CONTACT US<\/button><\/p>\n<p>[\/vc_column_text][\/vc_column][\/vc_row][vc_row][vc_column][vc_empty_space][\/vc_column][\/vc_row]<\/p>\n<p>&nbsp;<\/p>\n\n<\/div>","protected":false},"excerpt":{"rendered":"<p>Visit Faro, a trip to the past<\/p>\n","protected":false},"featured_media":1116,"comment_status":"open","ping_status":"closed","template":"","meta":[],"product_cat":[80],"product_tag":[],"class_list":{"0":"post-1110","1":"product","2":"type-product","3":"status-publish","4":"has-post-thumbnail","6":"product_cat-faro","7":"pa_choose-city-faro","8":"tour_category-faro","10":"first","11":"instock","12":"taxable","13":"shipping-taxable","14":"purchasable","15":"product-type-tour"},"_links":{"self":[{"href":"https:\/\/tukexperience.com\/es\/wp-json\/wp\/v2\/product\/1110","targetHints":{"allow":["GET"]}}],"collection":[{"href":"https:\/\/tukexperience.com\/es\/wp-json\/wp\/v2\/product"}],"about":[{"href":"https:\/\/tukexperience.com\/es\/wp-json\/wp\/v2\/types\/product"}],"replies":[{"embeddable":true,"href":"https:\/\/tukexperience.com\/es\/wp-json\/wp\/v2\/comments?post=1110"}],"wp:featuredmedia":[{"embeddable":true,"href":"https:\/\/tukexperience.com\/es\/wp-json\/wp\/v2\/media\/1116"}],"wp:attachment":[{"href":"https:\/\/tukexperience.com\/es\/wp-json\/wp\/v2\/media?parent=1110"}],"wp:term":[{"taxonomy":"product_cat","embeddable":true,"href":"https:\/\/tukexperience.com\/es\/wp-json\/wp\/v2\/product_cat?post=1110"},{"taxonomy":"product_tag","embeddable":true,"href":"https:\/\/tukexperience.com\/es\/wp-json\/wp\/v2\/product_tag?post=1110"}],"curies":[{"name":"wp","href":"https:\/\/api.w.org\/{rel}","templated":true}]}}