{"id":1123,"date":"2024-08-13T19:01:25","date_gmt":"2024-08-13T17:01:25","guid":{"rendered":"https:\/\/tukexperience.com\/?post_type=product&#038;p=1123"},"modified":"2024-08-14T13:45:51","modified_gmt":"2024-08-14T11:45:51","slug":"lisbon-discoveries-in-belem","status":"publish","type":"product","link":"https:\/\/tukexperience.com\/es\/tours\/lisbon-discoveries-in-belem\/","title":{"rendered":"Discoveries in Bel\u00e9m"},"content":{"rendered":"<div class=\"wpb-content-wrapper\"><p>&nbsp;<\/p>\n<p><img loading=\"lazy\" decoding=\"async\" class=\"alignnone wp-image-1137\" src=\"https:\/\/tukexperience.com\/wp-content\/uploads\/2024\/08\/torre-de-belem-300x200.jpg\" alt=\"\" width=\"714\" height=\"476\" srcset=\"https:\/\/tukexperience.com\/wp-content\/uploads\/2024\/08\/torre-de-belem-300x200.jpg 300w, https:\/\/tukexperience.com\/wp-content\/uploads\/2024\/08\/torre-de-belem-768x512.jpg 768w, https:\/\/tukexperience.com\/wp-content\/uploads\/2024\/08\/torre-de-belem-531x354.jpg 531w, https:\/\/tukexperience.com\/wp-content\/uploads\/2024\/08\/torre-de-belem-600x400.jpg 600w, https:\/\/tukexperience.com\/wp-content\/uploads\/2024\/08\/torre-de-belem-180x120.jpg 180w, https:\/\/tukexperience.com\/wp-content\/uploads\/2024\/08\/torre-de-belem.jpg 1000w\" sizes=\"auto, (max-width: 714px) 100vw, 714px\" \/><\/p>\n<p><center><\/center>Portugal was a pioneer seafaring nation in the Age of Exploration, which brought new commercial routes for the world. This tour showcases the audacity of Portuguese sailors and includes two UNESCO World Heritage landmarks, which bear witness to and celebrate this period in the history of Portugal: the Jer\u00f3nimos monastery, which includes one of the most important hall churches in Europe and the Bel\u00e9m tower, built in the 16th\u00a0century by the Tagus river to defend Lisbon against invaders.<\/p>\n<p>This tour will also take you to the Padr\u00e3o dos Descobrimentos, which celebrates the glory of Portugal\u2019s naval expansion; the Bel\u00e9m cultural centre, one of the main hubs for cultural dissemination in Lisbon; the Museu dos Coches, one of the most visited museums in Portugal, with a unique collection of vehicles from the 16th to the 19th\u00a0century; the Museum of Art, Architecture and Technology, which displays national and international exhibits by various contemporary artists; and to top it all off, the Ajuda Palace, an old royal residence that is now a museum of decorative arts.<\/p>\n<p>This tour couldn\u2019t be complete without a stop at the original factory that makes the renowned past\u00e9is de Bel\u00e9m, small, crispy filo puff pastries with a creamy filling, the recipe for which, still a zealously guarded secret, was created in the Jer\u00f3nimos monastery.<\/p>\n<p>Gather up to six friends or relatives and come with us to discover Bel\u00e9m. In this two-hour tour, you will be able to explore Bel\u00e9m\u2019s waterfront and its main monuments and museums and savour its famous pastries. Our drivers\/guides will make you feel like a true Portuguese sailor!<\/p>\n<p>&nbsp;<\/p>\n<button class=\"atbtn atbtn--secondary1 atbtn--medium atbtn--square\">BOOK YOUR TOUR HERE<\/button>\n<p>&nbsp;<\/p>\n<table class=\"table table-bordered tours-tabs__table\" style=\"height: 335px;\" width=\"862\">\n<tbody>\n<tr style=\"height: 48px;\">\n<td style=\"height: 48px; width: 192px;\"><strong>DEPARTURE\/RETURN LOCATION<\/strong><\/td>\n<td style=\"height: 48px; width: 654px; color: #000;\">Restaurants near the <strong><a href=\"https:\/\/www.google.com\/maps\/place\/Hard+Rock+Cafe+Lisbon\/@38.7163557,-9.1436569,17z\/data=!4m5!3m4!1s0xd19338110b45f51:0xf96a8bcb4f69e12d!8m2!3d38.7165859!4d-9.1417686\" target=\"_blank\" rel=\"noopener\">Hard Rock Caf\u00e9<\/a><\/strong><\/td>\n<\/tr>\n<tr style=\"height: 72px;\">\n<td style=\"height: 72px; width: 192px;\"><strong>STOPS<\/strong><\/td>\n<td style=\"height: 72px; width: 654px; text-align: justify;\">National Coach Museum, Palace of Bel\u00e9m, Ajuda National Palace, Factory\/Shop of Custard Tart (Past\u00e9is de Bel\u00e9m), Jer\u00f3nimos Monastery, CCB (Cultural Centre of Bel\u00e9m), Bel\u00e9m Tower, Mark of Discoveries, Museum of Electricity &amp; MAAT (Museum of Art, Architecture, and Technology)<\/td>\n<\/tr>\n<tr style=\"height: 10px;\">\n<td style=\"height: 10px; width: 192px;\"><b><strong>LANGUAGE<\/strong><\/b><\/td>\n<td style=\"height: 10px; width: 654px;\">Portuguese, English, Spanish\n<p>Tours can be done in another language depending on the driver&#8217;s availability. Please contact us if you want to take a tour in another language.<\/p><\/td>\n<\/tr>\n<tr style=\"height: 24px;\">\n<td style=\"height: 24px; width: 192px;\"><b><strong>NOTES<\/strong><\/b><\/td>\n<td style=\"height: 24px; width: 654px;\">Please note that babies and children occupy one seat.<br \/>\nWhen booking, please inform us of the number of participants using the comments box.<\/td>\n<\/tr>\n<tr>\n<td style=\"height: 24px; width: 192px;\"><b><strong>PRICES<\/strong><\/b><\/td>\n<td style=\"height: 24px; width: 654px;\">160 \u20ac (Maximum 6 people)<\/td>\n<\/tr>\n<tr>\n<td style=\"height: 24px; width: 192px;\"><b><strong>TIME<\/strong><\/b><\/td>\n<td style=\"height: 24px; width: 654px;\">120 minutes<\/td>\n<\/tr>\n<\/tbody>\n<\/table>\n<div class=\"last-posts\">\n<div class=\"title title--center title--underline title--decoration-bottom-center\">\n\t\t<h3 class=\"title__primary\">Latest Posts<\/h3>\n<\/div>\n\t\t<div class=\"last-posts__item last-posts__item--with-images\">\n\t\t<div class=\"last-posts__item__container\">\n\t\t<a href=\"https:\/\/tukexperience.com\/es\/la-magia-del-folclore-gallego\/\" class=\"last-posts__item__image-wrap\"><img loading=\"lazy\" decoding=\"async\" width=\"1140\" height=\"760\" src=\"https:\/\/tukexperience.com\/wp-content\/uploads\/2024\/08\/gaiteros-gallegos-23-1140x760.jpg\" class=\"attachment-thumb_last_posts_shortcode size-thumb_last_posts_shortcode wp-post-image\" alt=\"\" srcset=\"https:\/\/tukexperience.com\/wp-content\/uploads\/2024\/08\/gaiteros-gallegos-23-1140x760.jpg 1140w, https:\/\/tukexperience.com\/wp-content\/uploads\/2024\/08\/gaiteros-gallegos-23-300x200.jpg 300w, https:\/\/tukexperience.com\/wp-content\/uploads\/2024\/08\/gaiteros-gallegos-23-1024x682.jpg 1024w, https:\/\/tukexperience.com\/wp-content\/uploads\/2024\/08\/gaiteros-gallegos-23-768x512.jpg 768w, https:\/\/tukexperience.com\/wp-content\/uploads\/2024\/08\/gaiteros-gallegos-23-1536x1023.jpg 1536w, https:\/\/tukexperience.com\/wp-content\/uploads\/2024\/08\/gaiteros-gallegos-23-531x354.jpg 531w, https:\/\/tukexperience.com\/wp-content\/uploads\/2024\/08\/gaiteros-gallegos-23-600x400.jpg 600w, https:\/\/tukexperience.com\/wp-content\/uploads\/2024\/08\/gaiteros-gallegos-23-180x120.jpg 180w, https:\/\/tukexperience.com\/wp-content\/uploads\/2024\/08\/gaiteros-gallegos-23.jpg 1600w\" sizes=\"auto, (max-width: 1140px) 100vw, 1140px\" \/><\/a>\t\t\t<div class=\"last-posts__item__content\">\n\t\t\t\t<h3 class=\"last-posts__item__title\"><a href=\"https:\/\/tukexperience.com\/es\/la-magia-del-folclore-gallego\/\">La magia del folclore gallego<\/a><\/h3>\n\t\t\t\t<div class=\"last-posts__item__description\">Celebrar el folclore gallego es abrazar un legado rico y vibrante que nos conecta con nuestras ra\u00edces y tradiciones. Es un orgullo preservar y compartir<\/div>\n\t\t\t\t<a href=\"https:\/\/tukexperience.com\/es\/la-magia-del-folclore-gallego\/\" class=\"atbtn atbtn--rounded atbtn--medium atbtn--light\">Read more<i class=\"atbtn__icon atbtn__icon--right fa fa-long-arrow-right\"><\/i><\/a>\n\t\t\t<\/div>\n\t\t<\/div>\n\t<\/div>\n\t<\/div>\n\n<p>&nbsp;<\/p>\n<p>&nbsp;<\/p>\n<p>[vc_row][vc_column width=\u00bb3\/3&#8243; css=\u00bb.vc_custom_1710874057037{background-color: #053366 !important;}\u00bb][vc_column_text]<\/p>\n<h2 style=\"text-align: center;\"><span style=\"color: #ffffff;\">Special events<\/span><\/h2>\n<p style=\"text-align: center;\"><span style=\"color: #ffffff;\">If you have a special occasion to celebrate, contact us directly<br \/>\nand we will design a tailor-made activity.<\/span><\/p>\n<p style=\"text-align: center;\"><button class=\"atbtn atbtn--secondary1 atbtn--medium atbtn--square\">CONTACT US<\/button><\/p>\n<p>[\/vc_column_text][\/vc_column][\/vc_row][vc_row][vc_column][vc_empty_space][\/vc_column][\/vc_row]<\/p>\n<p>&nbsp;<\/p>\n\n<\/div>","protected":false},"excerpt":{"rendered":"<p>Explore Lisbon\u2019s riverfront and the Age of Discovery Monuments<\/p>\n","protected":false},"featured_media":1139,"comment_status":"open","ping_status":"closed","template":"","meta":[],"product_cat":[70],"product_tag":[],"class_list":{"0":"post-1123","1":"product","2":"type-product","3":"status-publish","4":"has-post-thumbnail","6":"product_cat-lisboa","7":"pa_choose-city-lisboa","8":"tour_category-lisbon","10":"first","11":"instock","12":"taxable","13":"shipping-taxable","14":"purchasable","15":"product-type-tour"},"_links":{"self":[{"href":"https:\/\/tukexperience.com\/es\/wp-json\/wp\/v2\/product\/1123","targetHints":{"allow":["GET"]}}],"collection":[{"href":"https:\/\/tukexperience.com\/es\/wp-json\/wp\/v2\/product"}],"about":[{"href":"https:\/\/tukexperience.com\/es\/wp-json\/wp\/v2\/types\/product"}],"replies":[{"embeddable":true,"href":"https:\/\/tukexperience.com\/es\/wp-json\/wp\/v2\/comments?post=1123"}],"wp:featuredmedia":[{"embeddable":true,"href":"https:\/\/tukexperience.com\/es\/wp-json\/wp\/v2\/media\/1139"}],"wp:attachment":[{"href":"https:\/\/tukexperience.com\/es\/wp-json\/wp\/v2\/media?parent=1123"}],"wp:term":[{"taxonomy":"product_cat","embeddable":true,"href":"https:\/\/tukexperience.com\/es\/wp-json\/wp\/v2\/product_cat?post=1123"},{"taxonomy":"product_tag","embeddable":true,"href":"https:\/\/tukexperience.com\/es\/wp-json\/wp\/v2\/product_tag?post=1123"}],"curies":[{"name":"wp","href":"https:\/\/api.w.org\/{rel}","templated":true}]}}