{"id":1392,"date":"2024-10-31T10:01:39","date_gmt":"2024-10-31T09:01:39","guid":{"rendered":"https:\/\/tukexperience.com\/?post_type=product&#038;p=1392"},"modified":"2024-11-13T13:24:05","modified_gmt":"2024-11-13T12:24:05","slug":"descubre-la-ciudad-copy-2","status":"publish","type":"product","link":"https:\/\/tukexperience.com\/es\/tours\/descubre-la-ciudad-copy-2\/","title":{"rendered":"Descubre C\u00e1diz"},"content":{"rendered":"<div class=\"wpb-content-wrapper\"><p><img loading=\"lazy\" decoding=\"async\" class=\"alignnone wp-image-1387 size-medium\" src=\"https:\/\/tukexperience.com\/wp-content\/uploads\/2024\/10\/cadiz_tukexperience-300x169.jpg\" alt=\"\" width=\"300\" height=\"169\" srcset=\"https:\/\/tukexperience.com\/wp-content\/uploads\/2024\/10\/cadiz_tukexperience-300x169.jpg 300w, https:\/\/tukexperience.com\/wp-content\/uploads\/2024\/10\/cadiz_tukexperience-1024x576.jpg 1024w, https:\/\/tukexperience.com\/wp-content\/uploads\/2024\/10\/cadiz_tukexperience-768x432.jpg 768w, https:\/\/tukexperience.com\/wp-content\/uploads\/2024\/10\/cadiz_tukexperience-1536x864.jpg 1536w, https:\/\/tukexperience.com\/wp-content\/uploads\/2024\/10\/cadiz_tukexperience-2048x1152.jpg 2048w, https:\/\/tukexperience.com\/wp-content\/uploads\/2024\/10\/cadiz_tukexperience-600x338.jpg 600w\" sizes=\"auto, (max-width: 300px) 100vw, 300px\" \/><\/p>\n<div style=\"margin-bottom: 2em !important;\" class=\"fh-hide--desktop\">\n<!-- FareHarbor calendar of item #586848 --><br \/>\n<script src=\"https:\/\/fareharbor.com\/embeds\/script\/calendar\/tukexperience\/items\/586848\/?fallback=simple&#038;full-items=yes&#038;flow=1280395\"><\/script>\n<\/div>\n<p>Sum\u00e9rgete con nosotros en la hist\u00f3rica ciudad de C\u00e1diz mientras recorremos sus calles y monumentos m\u00e1s emblem\u00e1ticos. A lo largo de este recorrido, exploraremos el legado de una de las ciudades m\u00e1s antiguas de Europa, descubriendo su historia a trav\u00e9s de majestuosas murallas, vibrantes plazas y castillos que han sido testigos de siglos de aventura y cultura mar\u00edtima. D\u00e9jate sorprender por la ic\u00f3nica Playa de La Caleta, la grandeza de su Catedral y la belleza del casco antiguo, donde cada rinc\u00f3n guarda secretos e historias de una ciudad abierta al Atl\u00e1ntico. <\/p>\n<table class=\"table table-bordered tours-tabs__table\" style=\"height: 335px;\" width=\"862\">\n<tbody>\n<tr style=\"height: 48px;\">\n<td style=\"height: 48px; width: 192px;\"><strong>LUGAR DE SALIDA\/REGRESO<\/strong><\/td>\n<td style=\"height: 48px; width: 654px; color: #000;\"><a style=\"color: #000!important;\" href=\"https:\/\/maps.app.goo.gl\/PLvWYUTnpYS49G487\">Terminal de cruceros (Mlle. Alfonso XIII, 11004 C\u00e1diz)<\/a><\/td>\n<\/tr>\n<tr style=\"height: 72px;\">\n<td style=\"height: 72px; width: 192px;\"><strong>PARADAS<\/strong><\/td>\n<td style=\"height: 72px; width: 654px; text-align: justify;\"><strong>Visita de 13 monumentos y 1 parada.<\/strong><\/p>\n<p>&nbsp;<\/p>\n<p><strong>SALIDA DESDE &#8211; Terminal de cruceros:<\/strong><\/p>\n<ol>\n<li>Muralla de San Carlos<\/li>\n<li>Bulevar Apodaca<\/li>\n<li>Parque Genov\u00e9s<\/li>\n<li>Parador de C\u00e1diz<\/li>\n<li>Castillo de Santa Catalina<\/li>\n<li><strong>Playa de la Caleta (parada)<\/strong><\/li>\n<li>Castillo de San Sebasti\u00e1n<\/li>\n<li>Catedral de C\u00e1diz<\/li>\n<li>Teatro romano<\/li>\n<li>Puerta de tierra<\/li>\n<li>Plaza de San Juan de Dios<\/li>\n<li>Paseo de Canalejas y plaza de las tortugas<\/li>\n<li>Plaza Espa\u00f1a<\/li>\n<\/ol>\n<p><strong>RETORNO: Terminal de cruceros (Mlle. Alfonso XIII, 11004 C\u00e1diz)<\/strong><\/p>\n<p>&nbsp;<\/td>\n<\/tr>\n<tr style=\"height: 10px;\">\n<td style=\"height: 10px; width: 192px;\"><b><strong>IDIOMAS<\/strong><\/b><\/td>\n<td style=\"height: 10px; width: 654px;\"><strong>Ingl\u00e9s, Alem\u00e1n, Espa\u00f1ol.<\/strong> Tour con audiogu\u00eda con la que te contaremos historia y curiosidades sobre los monumentos m\u00e1s emblem\u00e1ticos de la ciudad que ver\u00e1s a lo largo de todo el recorrido.<\/td>\n<\/tr>\n<tr style=\"height: 24px;\">\n<td style=\"height: 24px; width: 192px;\"><b><strong>IMPORTANTE<\/strong><\/b><\/td>\n<td style=\"height: 24px; width: 654px;\">Tenga en cuenta que no se permiten beb\u00e9s menores de 2 a\u00f1os \/ Accesible para personas en silla de ruedas, la silla debe ser plegable.<\/td>\n<\/tr>\n<tr>\n<td style=\"height: 24px; width: 192px;\"><b><strong>PRECIOS<\/strong><\/b><\/td>\n<td style=\"height: 24px; width: 654px;\">90 \u20ac por tour &#8211; M\u00e1ximo 4 personas (22,50\u20ac cada uno siendo 4 personas)<\/td>\n<\/tr>\n<tr>\n<td style=\"height: 24px; width: 192px;\"><b><strong>TIEMPO<\/strong><\/b><\/td>\n<td style=\"height: 24px; width: 654px;\">50-60 minutos<\/td>\n<\/tr>\n<\/tbody>\n<\/table>\n<div class=\"last-posts\">\n<div class=\"title title--center title--underline title--decoration-bottom-center\">\n\t\t<h3 class=\"title__primary\">\u00daltimas publicaciones<\/h3>\n<\/div>\n\t\t<div class=\"last-posts__item last-posts__item--with-images\">\n\t\t<div class=\"last-posts__item__container\">\n\t\t<a href=\"https:\/\/tukexperience.com\/es\/la-magia-del-folclore-gallego\/\" class=\"last-posts__item__image-wrap\"><img loading=\"lazy\" decoding=\"async\" width=\"1140\" height=\"760\" src=\"https:\/\/tukexperience.com\/wp-content\/uploads\/2024\/08\/gaiteros-gallegos-23-1140x760.jpg\" class=\"attachment-thumb_last_posts_shortcode size-thumb_last_posts_shortcode wp-post-image\" alt=\"\" srcset=\"https:\/\/tukexperience.com\/wp-content\/uploads\/2024\/08\/gaiteros-gallegos-23-1140x760.jpg 1140w, https:\/\/tukexperience.com\/wp-content\/uploads\/2024\/08\/gaiteros-gallegos-23-300x200.jpg 300w, https:\/\/tukexperience.com\/wp-content\/uploads\/2024\/08\/gaiteros-gallegos-23-1024x682.jpg 1024w, https:\/\/tukexperience.com\/wp-content\/uploads\/2024\/08\/gaiteros-gallegos-23-768x512.jpg 768w, https:\/\/tukexperience.com\/wp-content\/uploads\/2024\/08\/gaiteros-gallegos-23-1536x1023.jpg 1536w, https:\/\/tukexperience.com\/wp-content\/uploads\/2024\/08\/gaiteros-gallegos-23-531x354.jpg 531w, https:\/\/tukexperience.com\/wp-content\/uploads\/2024\/08\/gaiteros-gallegos-23-600x400.jpg 600w, https:\/\/tukexperience.com\/wp-content\/uploads\/2024\/08\/gaiteros-gallegos-23-180x120.jpg 180w, https:\/\/tukexperience.com\/wp-content\/uploads\/2024\/08\/gaiteros-gallegos-23.jpg 1600w\" sizes=\"auto, (max-width: 1140px) 100vw, 1140px\" \/><\/a>\t\t\t<div class=\"last-posts__item__content\">\n\t\t\t\t<h3 class=\"last-posts__item__title\"><a href=\"https:\/\/tukexperience.com\/es\/la-magia-del-folclore-gallego\/\">La magia del folclore gallego<\/a><\/h3>\n\t\t\t\t<div class=\"last-posts__item__description\">Celebrar el folclore gallego es abrazar un legado rico y vibrante que nos conecta con nuestras ra\u00edces y tradiciones. Es un orgullo preservar y compartir<\/div>\n\t\t\t\t<a href=\"https:\/\/tukexperience.com\/es\/la-magia-del-folclore-gallego\/\" class=\"atbtn atbtn--rounded atbtn--medium atbtn--light\">Leer m\u00e1s<i class=\"atbtn__icon atbtn__icon--right fa fa-long-arrow-right\"><\/i><\/a>\n\t\t\t<\/div>\n\t\t<\/div>\n\t<\/div>\n\t<\/div>\n\n<p>&nbsp;<\/p>\n<p>&nbsp;<\/p>\n<p>[vc_row][vc_column width=\u00bb3\/3&#8243; css=\u00bb.vc_custom_1710874057037{background-color: #053366 !important;}\u00bb][vc_column_text]<\/p>\n<h2 style=\"text-align: center;\"><span style=\"color: #ffffff;\">Eventos especiales<\/span><\/h2>\n<p style=\"text-align: center;\"><span style=\"color: #ffffff;\">If you have a special occasion to celebrate, contact us directly<br \/>\nand we will design a tailor-made activity.<\/span><\/p>\n<p style=\"text-align: center;\"><button class=\"atbtn atbtn--secondary1 atbtn--medium atbtn--square\">CONT\u00c1CTANOS<\/button><\/p>\n<p>[\/vc_column_text][\/vc_column][\/vc_row][vc_row][vc_column][vc_empty_space][\/vc_column][\/vc_row]<\/p>\n<p>&nbsp;<\/p>\n\n<div class=\"fhCal fh-hide--mobile\">\n<!-- FareHarbor calendar of item #586848 --><br \/>\n<script src=\"https:\/\/fareharbor.com\/embeds\/script\/calendar\/tukexperience\/items\/586848\/?fallback=simple&#038;full-items=yes&#038;flow=1280395\"><\/script>\n<\/div>\n<\/div>","protected":false},"excerpt":{"rendered":"<p>Descubre la esencia de C\u00e1diz. Un recorrido perfecto para una primera visita, donde descubrir\u00e1s los puntos m\u00e1s emblem\u00e1ticos. <\/p>\n","protected":false},"featured_media":1388,"comment_status":"open","ping_status":"closed","template":"","meta":[],"product_cat":[15],"product_tag":[],"class_list":{"0":"post-1392","1":"product","2":"type-product","3":"status-publish","4":"has-post-thumbnail","6":"product_cat-a-coruna","7":"pa_choose-city-cadiz-es","9":"first","10":"instock","11":"taxable","12":"shipping-taxable","13":"purchasable","14":"product-type-tour"},"_links":{"self":[{"href":"https:\/\/tukexperience.com\/es\/wp-json\/wp\/v2\/product\/1392","targetHints":{"allow":["GET"]}}],"collection":[{"href":"https:\/\/tukexperience.com\/es\/wp-json\/wp\/v2\/product"}],"about":[{"href":"https:\/\/tukexperience.com\/es\/wp-json\/wp\/v2\/types\/product"}],"replies":[{"embeddable":true,"href":"https:\/\/tukexperience.com\/es\/wp-json\/wp\/v2\/comments?post=1392"}],"wp:featuredmedia":[{"embeddable":true,"href":"https:\/\/tukexperience.com\/es\/wp-json\/wp\/v2\/media\/1388"}],"wp:attachment":[{"href":"https:\/\/tukexperience.com\/es\/wp-json\/wp\/v2\/media?parent=1392"}],"wp:term":[{"taxonomy":"product_cat","embeddable":true,"href":"https:\/\/tukexperience.com\/es\/wp-json\/wp\/v2\/product_cat?post=1392"},{"taxonomy":"product_tag","embeddable":true,"href":"https:\/\/tukexperience.com\/es\/wp-json\/wp\/v2\/product_tag?post=1392"}],"curies":[{"name":"wp","href":"https:\/\/api.w.org\/{rel}","templated":true}]}}