{"id":1530,"date":"2025-01-09T09:33:42","date_gmt":"2025-01-09T08:33:42","guid":{"rendered":"https:\/\/tukexperience.com\/?post_type=product&#038;p=1530"},"modified":"2025-06-09T12:48:41","modified_gmt":"2025-06-09T10:48:41","slug":"ruta-premium-por-malaga","status":"publish","type":"product","link":"https:\/\/tukexperience.com\/es\/tours\/ruta-premium-por-malaga\/","title":{"rendered":"Tour premium por M\u00e1laga"},"content":{"rendered":"<div class=\"wpb-content-wrapper\"><p><strong>\u00a1Descubre M\u00e1laga como nunca antes con nuestro Tour Premium en Tuk-Tuk El\u00e9ctrico!<\/strong><br \/>\nM\u00e1s que un simple tour, es una aventura sobre ruedas por los rincones m\u00e1s aut\u00e9nticos de la ciudad. Con nuestras audiogu\u00edas digitales multiling\u00fces y la comodidad de un tuk-tuk 100 % el\u00e9ctrico, visitar\u00e1s lugares como la playa de La Malagueta, los encantadores Ba\u00f1os del Carmen y el tradicional barrio de Pedregalejo. <\/p>\n<p>Ver\u00e1s el imponente Castillo de Gibralfaro, descubrir\u00e1s la vibrante Plaza de la Merced, el Teatro Romano y la majestuosa Catedral. Tambi\u00e9n descubrir\u00e1s joyas como la Casa del Jardinero, el moderno Centro Pompidou y el hist\u00f3rico Puerto de M\u00e1laga. <\/p>\n<p>Cultura, historia, lugares de inter\u00e9s y buen rollo&#8230; \u00a1todo en un solo tour!<br \/>\n\u00bfListo para ver M\u00e1laga desde una perspectiva diferente? \u00a1S\u00fabete y disfruta! <\/p>\n<p>&nbsp;<\/p>\n<table class=\"table table-bordered tours-tabs__table\" style=\"height: 335px;\" width=\"862\">\n<tbody>\n<tr style=\"height: 48px;\">\n<td style=\"height: 48px; width: 192px;\"><strong>LUGAR DE SALIDA\/REGRESO<\/strong><\/td>\n<td style=\"height: 48px; width: 654px; color: #000;\">Terminal de cruceros:<\/p>\n<div class=\"qqvbed-UmHwN\">\n<div class=\"qqvbed-p83tee\">\n<ol>\n<li class=\"qqvbed-p83tee-lTBxed\">Meeting point 1: Embarcadero Muelle Dos. Click aqu\u00ed para ver en Google Maps: <a href=\"https:\/\/maps.app.goo.gl\/12NaY3GJASSE66z87\" target=\"_blank\" rel=\"noopener\">Embarcadero Muelle Dos<\/a> <\/li>\n<li>Punto de salida 2: Terminal A de Cruceros. Click aqu\u00ed para ver en Google Maps: <a href=\"https:\/\/maps.app.goo.gl\/HDnimG6WcUkSAJTb6\" target=\"_blank\" rel=\"noopener\">Terminal A de Cruceros<\/a>\n<div class=\"qqvbed-VTkLkc fO2voc-jRmmHf-LJTIlf\"><\/div>\n<\/li>\n<\/ol>\n<p><strong>Por defecto el punto de salida y regreso es el Punto de Encuentro 1.<\/strong> Si prefiere el Punto de Encuentro 2, por favor h\u00e1ganoslo saber una vez haya realizado su reserva.<\/p>\n<\/div>\n<\/div>\n<\/td>\n<\/tr>\n<tr style=\"height: 72px;\">\n<td style=\"height: 72px; width: 192px;\"><strong>PARADAS<\/strong><\/td>\n<td style=\"height: 72px; width: 654px; text-align: justify;\"><strong>Visita 26 monumentos y 3 photostops.<\/strong><\/p>\n<p>&nbsp;<\/p>\n<ol>\n<li>La Farola<\/li>\n<li>Playa de la Malagueta<\/li>\n<li>Gran Hotel Miramar<\/li>\n<li>Playa de la Caleta<\/li>\n<li>Ba\u00f1os del Carmen<\/li>\n<li><strong>Pedregalejo &#8211; PARADA<\/strong><\/li>\n<li>Barrio del Limonar<\/li>\n<li><strong>Castillo de Gibralfaro &#8211; PARADA<\/strong><\/li>\n<li>Santuario de la Victoria<\/li>\n<li>Teatro romano<\/li>\n<li>Plaza de la Merced<\/li>\n<li>Alcazaba<\/li>\n<li>Plaza de La Marina<\/li>\n<li>Catedral<\/li>\n<li>Museo de M\u00e1laga<\/li>\n<li>Casa del jardinero<\/li>\n<li>Rectorado de la Universidad de M\u00e1laga<\/li>\n<li>Banco de Espa\u00f1a<\/li>\n<li>Ayuntamiento<\/li>\n<li>Jardines Pedro Luis Alonso<\/li>\n<li>La Coracha<\/li>\n<li><strong>Plaza de toros &#8211; PARADA<\/strong><\/li>\n<li>Palacio de la Tinta<\/li>\n<li>Hospital Noble<\/li>\n<li>Plaza del General \/ fuente de las tres gracias<\/li>\n<li>Centro Pompidou<\/li>\n<li>Puerto de M\u00e1laga<\/li>\n<\/ol>\n<p>&nbsp;<\/td>\n<\/tr>\n<tr style=\"height: 10px;\">\n<td style=\"height: 10px; width: 192px;\"><b><strong>IDIOMA<\/strong><\/b><\/td>\n<td style=\"height: 10px; width: 654px;\"> <strong>Ingl\u00e9s, Alem\u00e1n, Espa\u00f1ol.<\/strong> Tour con audiogu\u00eda con la que te contaremos historia y curiosidades sobre los monumentos m\u00e1s emblem\u00e1ticos de la ciudad que ver\u00e1s a lo largo de todo el recorrido&#8230;<\/td>\n<\/tr>\n<tr style=\"height: 24px;\">\n<td style=\"height: 24px; width: 192px;\"><b><strong>IMPORTANTE<\/strong><\/b><\/td>\n<td style=\"height: 24px; width: 654px;\">Tenga en cuenta que no se permiten beb\u00e9s menores de 2 a\u00f1os \/ Accesible para personas en silla de ruedas, la silla debe ser plegable.<\/td>\n<\/tr>\n<tr>\n<td style=\"height: 24px; width: 192px;\"><b><strong>PRECIOS<\/strong><\/b><\/td>\n<td style=\"height: 24px; width: 654px;\">95 \u20ac por tour privado &#8211; M\u00e1ximo 4 personas (23,75\u20ac cada uno con 4 personas)<\/td>\n<\/tr>\n<tr>\n<td style=\"height: 24px; width: 192px;\"><b><strong>DURACI\u00d3N<\/strong><\/b><\/td>\n<td style=\"height: 24px; width: 654px;\">80 minutos aprox<\/td>\n<\/tr>\n<\/tbody>\n<\/table>\n<p><strong>MONUMENTOS QUE VER\u00c1S<\/strong><br \/>\n<iframe loading=\"lazy\" src=\"https:\/\/www.google.com\/maps\/d\/embed?mid=1UQ7VP0WyoQIDNuZoi_p9Gc6YfMtOQ5c&amp;ehbc=2E312F&amp;noprof=1\" width=\"640\" height=\"480\"><\/iframe><\/p>\n<p>&nbsp;<\/p>\n<p>&nbsp;<\/p>\n<p>&nbsp;<\/p>\n<p><strong>PUNTOS DE ENCUENTRO<\/strong><br \/>\n<iframe loading=\"lazy\" src=\"https:\/\/www.google.com\/maps\/d\/embed?mid=1Vn2n4izplw3-H2Q6XiY_zgKHAPcKWMI&amp;ehbc=2E312F&amp;noprof=1\" width=\"640\" height=\"480\"><\/iframe><\/p>\n<p>&nbsp;<\/p>\n<p>&nbsp;<\/p>\n<p>[vc_row][vc_column width=\u00bb3\/3&#8243; css=\u00bb.vc_custom_1710874057037{background-color: #053366 !important;}\u00bb][vc_column_text]<\/p>\n<h2 style=\"text-align: center;\"><span style=\"color: #ffffff;\">Eventos especiales<\/span><\/h2>\n<p style=\"text-align: center;\"><span style=\"color: #ffffff;\">Si tienes una ocasi\u00f3n especial que celebrar, contacta con nosotros directamente<br \/>\ny nosotros te dise\u00f1aremos una actividad personalizada a tu medida.<\/span><\/p>\n<p style=\"text-align: center;\"><button class=\"atbtn atbtn--secondary1 atbtn--medium atbtn--square\">CONT\u00c1CTANOS<\/button><\/p>\n<p>[\/vc_column_text][\/vc_column][\/vc_row][vc_row][vc_column][vc_empty_space][\/vc_column][\/vc_row]<\/p>\n<p>&nbsp;<\/p>\n<div class=\"fhCal fh-hide--mobile\"><!-- FareHarbor calendar of item #600995 --><br \/>\n<script src=\"https:\/\/fareharbor.com\/embeds\/script\/calendar\/tukexperience\/items\/600995\/?fallback=simple&amp;full-items=yes&amp;flow=1317877\"><\/script><\/div>\n<\/div>","protected":false},"excerpt":{"rendered":"<p>Conoce M\u00e1laga a un nivel m\u00e1s profundo y disfruta de las vistas m\u00e1s hermosas de su costa.<\/p>\n","protected":false},"featured_media":1788,"comment_status":"open","ping_status":"closed","template":"","meta":[],"product_cat":[15],"product_tag":[],"class_list":{"0":"post-1530","1":"product","2":"type-product","3":"status-publish","4":"has-post-thumbnail","6":"product_cat-a-coruna","7":"pa_choose-city-malaga-es","9":"first","10":"instock","11":"taxable","12":"shipping-taxable","13":"purchasable","14":"product-type-tour"},"_links":{"self":[{"href":"https:\/\/tukexperience.com\/es\/wp-json\/wp\/v2\/product\/1530","targetHints":{"allow":["GET"]}}],"collection":[{"href":"https:\/\/tukexperience.com\/es\/wp-json\/wp\/v2\/product"}],"about":[{"href":"https:\/\/tukexperience.com\/es\/wp-json\/wp\/v2\/types\/product"}],"replies":[{"embeddable":true,"href":"https:\/\/tukexperience.com\/es\/wp-json\/wp\/v2\/comments?post=1530"}],"wp:featuredmedia":[{"embeddable":true,"href":"https:\/\/tukexperience.com\/es\/wp-json\/wp\/v2\/media\/1788"}],"wp:attachment":[{"href":"https:\/\/tukexperience.com\/es\/wp-json\/wp\/v2\/media?parent=1530"}],"wp:term":[{"taxonomy":"product_cat","embeddable":true,"href":"https:\/\/tukexperience.com\/es\/wp-json\/wp\/v2\/product_cat?post=1530"},{"taxonomy":"product_tag","embeddable":true,"href":"https:\/\/tukexperience.com\/es\/wp-json\/wp\/v2\/product_tag?post=1530"}],"curies":[{"name":"wp","href":"https:\/\/api.w.org\/{rel}","templated":true}]}}