{"id":942,"date":"2024-07-04T08:45:59","date_gmt":"2024-07-04T06:45:59","guid":{"rendered":"https:\/\/tukexperience.com\/?post_type=product&#038;p=942"},"modified":"2025-11-12T09:54:44","modified_gmt":"2025-11-12T08:54:44","slug":"a-coruna-premium-tour","status":"publish","type":"product","link":"https:\/\/tukexperience.com\/es\/tours\/a-coruna-premium-tour\/","title":{"rendered":"Ruta Premium por A Coru\u00f1a"},"content":{"rendered":"<div class=\"wpb-content-wrapper\"><p><img loading=\"lazy\" decoding=\"async\" class=\" wp-image-962 aligncenter\" src=\"https:\/\/tukexperience.com\/wp-content\/uploads\/2024\/07\/Premium-tour-300x168.png\" alt=\"\" width=\"902\" height=\"505\" srcset=\"https:\/\/tukexperience.com\/wp-content\/uploads\/2024\/07\/Premium-tour-300x168.png 300w, https:\/\/tukexperience.com\/wp-content\/uploads\/2024\/07\/Premium-tour-1024x572.png 1024w, https:\/\/tukexperience.com\/wp-content\/uploads\/2024\/07\/Premium-tour-768x429.png 768w, https:\/\/tukexperience.com\/wp-content\/uploads\/2024\/07\/Premium-tour-600x335.png 600w, https:\/\/tukexperience.com\/wp-content\/uploads\/2024\/07\/Premium-tour.png 1200w\" sizes=\"auto, (max-width: 902px) 100vw, 902px\" \/><\/p>\n<p>&nbsp;<\/p>\n<div class=\"fh-hide--desktop\" style=\"margin-bottom: 2em !important;\"><!-- FareHarbor calendar of item #586841 --><br \/>\n<script src=\"https:\/\/fareharbor.com\/embeds\/script\/calendar\/tukexperience\/items\/586841\/?fallback=simple&amp;full-items=yes&amp;flow=1280394\"><\/script><\/div>\n<p>Un tour en nuestros Tuk Tuk es mucho m\u00e1s que un recorrido por la ciudad. Nuestras audiogu\u00edas digitales en varios idiomas descubrir\u00e1n los secretos mejor guardados del patrimonio local, llevando la experiencia a un nivel superior.<\/p>\n<p>El patrimonio y la cultura local nos hacen diferentes, y A Coru\u00f1a es una ciudad con un mucho que contar. Esta ruta premium va m\u00e1s all\u00e1 de los puntos de inter\u00e9s t\u00edpicos y profundiza todav\u00eda m\u00e1s en el pasado coru\u00f1\u00e9s, haciendo, adem\u00e1s, una parada adicional para disfrutar de las maravillosas vistas desde la costa coru\u00f1esa.<\/p>\n<table class=\"table table-bordered tours-tabs__table\" style=\"height: 335px;\" width=\"862\">\n<tbody>\n<tr style=\"height: 48px;\">\n<td style=\"height: 48px; width: 192px;\"><strong>LUGAR DE SALIDA\/REGRESO<\/strong><\/td>\n<td style=\"height: 48px; width: 654px; color: #000;\"><a href=\"https:\/\/www.google.com\/maps\/place\/Terminal+de+Cruzeiros\/@43.3671882,-8.39867,15z\/data=!4m6!3m5!1s0xd2e7c8079948719:0x4f6de8b5b355fe3b!8m2!3d43.3671882!4d-8.39867!16s%2Fg%2F11b7pzlgpz?entry=ttu\">Terminal de cruceros<\/a> A tan solo 5 minutos de la terminal principal de cruceros. Encontrar\u00e1s a tu conductor con un chaleco azul y conduciendo un tuk-tuk con el logotipo de TUK EXPERIENCE.<\/p>\n<p>IMPORTANTE: Nos encontramos en la terminal PRINCIPAL de cruceros, PALEXCO, junto a la Oficina de Turismo de Galicia. Si desembarca en el muelle de CALVO SOTELO, debe dirigirse a la terminal principal de cruceros (10 minutos a pie).  <\/td>\n<\/tr>\n<tr style=\"height: 72px;\">\n<td style=\"height: 72px; width: 192px;\"><strong>PARADAS<\/strong><\/td>\n<td style=\"height: 72px; width: 654px; text-align: justify;\"><strong>Visita de 16 monumentos y 2 paradas.<\/strong><\/p>\n<ol>\n<li>Galer\u00edas Marina<\/li>\n<li>Plaza Mar\u00eda Pita<\/li>\n<li>Castillo de San Ant\u00f3n<\/li>\n<li>Torre de Control<\/li>\n<li>Murallas de la ciudad vieja<\/li>\n<li>Paseo Mar\u00edtimo<\/li>\n<li><strong>Torre de H\u00e9rcules \u2013 STOP<\/strong><\/li>\n<li>Bah\u00eda Coru\u00f1esa (Ensanada de las playas de Orz\u00e1n y Riazor)<\/li>\n<li>Estadio de Riazor<\/li>\n<li>Millennium<\/li>\n<li><strong>Pulpo -STOP<\/strong><\/li>\n<li>Plaza de Pontevedra<\/li>\n<li>Plaza de Lugo<\/li>\n<li>Jardines M\u00e9ndez Nu\u00f1ez<\/li>\n<li>Edificio Banco Pastor<\/li>\n<li>Obelisco<\/li>\n<\/ol>\n<p>&nbsp;<\/td>\n<\/tr>\n<tr style=\"height: 10px;\">\n<td style=\"height: 10px; width: 192px;\"><b><strong>IDIOMA<\/strong><\/b><\/td>\n<td style=\"height: 10px; width: 654px;\"> <strong>Ingl\u00e9s, Alem\u00e1n, Espa\u00f1ol.<\/strong> Tour con audiogu\u00eda con la que te contaremos historia y curiosidades sobre los monumentos m\u00e1s emblem\u00e1ticos de la ciudad que ver\u00e1s a lo largo de todo el recorrido&#8230;<\/td>\n<\/tr>\n<tr style=\"height: 24px;\">\n<td style=\"height: 24px; width: 192px;\"><b><strong>IMPORTANTE<\/strong><\/b><\/td>\n<td style=\"height: 24px; width: 654px;\">Tenga en cuenta que no se permiten beb\u00e9s menores de 2 a\u00f1os \/ Accesible para personas en silla de ruedas, la silla debe ser plegable.<\/td>\n<\/tr>\n<tr>\n<td style=\"height: 24px; width: 192px;\"><b><strong>PRICES<\/strong><\/b><\/td>\n<td style=\"height: 24px; width: 654px;\">145 \u20ac per private tour &#8211; Maximum 4 people (36,25\u20ac each person with 4 people)<\/td>\n<\/tr>\n<tr>\n<td style=\"height: 24px; width: 192px;\"> <b> <strong>TIEMPO<\/strong><\/b><\/td>\n<td style=\"height: 24px; width: 654px;\">1 hora 30min<\/td>\n<\/tr>\n<\/tbody>\n<\/table>\n<p><strong>MONUMENTOS QUE VER\u00c1S<\/strong><br \/>\n<iframe loading=\"lazy\" src=\"https:\/\/www.google.com\/maps\/d\/embed?mid=1dT08rX9DDzZYPkoeIrLcTHbrBPnzz8Q&amp;ehbc=2E312F&amp;noprof=1\" width=\"640\" height=\"480\"><\/iframe><\/p>\n<p>&nbsp;<\/p>\n<p>&nbsp;<\/p>\n<p>&nbsp;<\/p>\n<p><strong>PUNTOS DE ENCUENTRO<\/strong><br \/>\n<iframe loading=\"lazy\" src=\"https:\/\/www.google.com\/maps\/d\/embed?mid=1hagmIOfrlVyF5QqjGxgLl5vpBIycvUQ&amp;ehbc=2E312F&amp;noprof=1\" width=\"640\" height=\"480\"><\/iframe><\/p>\n<div class=\"last-posts\">\n<div class=\"title title--center title--underline title--decoration-bottom-center\">\n\t\t<h3 class=\"title__primary\">\u00daltimas publicaciones<\/h3>\n<\/div>\n\t\t<div class=\"last-posts__item last-posts__item--with-images\">\n\t\t<div class=\"last-posts__item__container\">\n\t\t<a href=\"https:\/\/tukexperience.com\/es\/la-magia-del-folclore-gallego\/\" class=\"last-posts__item__image-wrap\"><img loading=\"lazy\" decoding=\"async\" width=\"1140\" height=\"760\" src=\"https:\/\/tukexperience.com\/wp-content\/uploads\/2024\/08\/gaiteros-gallegos-23-1140x760.jpg\" class=\"attachment-thumb_last_posts_shortcode size-thumb_last_posts_shortcode wp-post-image\" alt=\"\" srcset=\"https:\/\/tukexperience.com\/wp-content\/uploads\/2024\/08\/gaiteros-gallegos-23-1140x760.jpg 1140w, https:\/\/tukexperience.com\/wp-content\/uploads\/2024\/08\/gaiteros-gallegos-23-300x200.jpg 300w, https:\/\/tukexperience.com\/wp-content\/uploads\/2024\/08\/gaiteros-gallegos-23-1024x682.jpg 1024w, https:\/\/tukexperience.com\/wp-content\/uploads\/2024\/08\/gaiteros-gallegos-23-768x512.jpg 768w, https:\/\/tukexperience.com\/wp-content\/uploads\/2024\/08\/gaiteros-gallegos-23-1536x1023.jpg 1536w, https:\/\/tukexperience.com\/wp-content\/uploads\/2024\/08\/gaiteros-gallegos-23-531x354.jpg 531w, https:\/\/tukexperience.com\/wp-content\/uploads\/2024\/08\/gaiteros-gallegos-23-600x400.jpg 600w, https:\/\/tukexperience.com\/wp-content\/uploads\/2024\/08\/gaiteros-gallegos-23-180x120.jpg 180w, https:\/\/tukexperience.com\/wp-content\/uploads\/2024\/08\/gaiteros-gallegos-23.jpg 1600w\" sizes=\"auto, (max-width: 1140px) 100vw, 1140px\" \/><\/a>\t\t\t<div class=\"last-posts__item__content\">\n\t\t\t\t<h3 class=\"last-posts__item__title\"><a href=\"https:\/\/tukexperience.com\/es\/la-magia-del-folclore-gallego\/\">La magia del folclore gallego<\/a><\/h3>\n\t\t\t\t<div class=\"last-posts__item__description\">Celebrar el folclore gallego es abrazar un legado rico y vibrante que nos conecta con nuestras ra\u00edces y tradiciones. Es un orgullo preservar y compartir<\/div>\n\t\t\t\t<a href=\"https:\/\/tukexperience.com\/es\/la-magia-del-folclore-gallego\/\" class=\"atbtn atbtn--rounded atbtn--medium atbtn--light\">Leer m\u00e1s<i class=\"atbtn__icon atbtn__icon--right fa fa-long-arrow-right\"><\/i><\/a>\n\t\t\t<\/div>\n\t\t<\/div>\n\t<\/div>\n\t<\/div>\n\n<p>&nbsp;<\/p>\n<p>&nbsp;<\/p>\n<p>[vc_row][vc_column width=\u00bb3\/3&#8243; css=\u00bb.vc_custom_1710874057037{background-color: #053366 !important;}\u00bb][vc_column_text]<\/p>\n<h2 style=\"text-align: center;\"><span style=\"color: #ffffff;\">Eventos especiales<\/span><\/h2>\n<p style=\"text-align: center;\"><span style=\"color: #ffffff;\">Si tienes una ocasi\u00f3n especial que celebrar, contacta con nosotros directamente<br \/>\ny nosotros te dise\u00f1aremos una actividad personalizada a tu medida.<\/span><\/p>\n<p style=\"text-align: center;\"><button class=\"atbtn atbtn--secondary1 atbtn--medium atbtn--square\">CONT\u00c1CTANOS<\/button><\/p>\n<p>[\/vc_column_text][\/vc_column][\/vc_row][vc_row][vc_column][vc_empty_space][\/vc_column][\/vc_row]<\/p>\n<p>&nbsp;<\/p>\n\n<div class=\"fhCal fh-hide--mobile\"><!-- FareHarbor calendar of item #586841 --><br \/>\n<script src=\"https:\/\/fareharbor.com\/embeds\/script\/calendar\/tukexperience\/items\/586841\/?fallback=simple&amp;full-items=yes&amp;flow=1280394\"><\/script><\/div>\n<\/div>","protected":false},"excerpt":{"rendered":"<p>Conoce Coru\u00f1a en profundidad y disfruta de los miradores m\u00e1s bonitos de su costa<\/p>\n","protected":false},"featured_media":959,"comment_status":"open","ping_status":"closed","template":"","meta":[],"product_cat":[119],"product_tag":[],"class_list":{"0":"post-942","1":"product","2":"type-product","3":"status-publish","4":"has-post-thumbnail","6":"product_cat-a-coruna-es-2","7":"pa_choose-city-a-coruna-es","8":"tour_category-a-coruna-es-2","10":"first","11":"instock","12":"taxable","13":"shipping-taxable","14":"purchasable","15":"product-type-tour"},"_links":{"self":[{"href":"https:\/\/tukexperience.com\/es\/wp-json\/wp\/v2\/product\/942","targetHints":{"allow":["GET"]}}],"collection":[{"href":"https:\/\/tukexperience.com\/es\/wp-json\/wp\/v2\/product"}],"about":[{"href":"https:\/\/tukexperience.com\/es\/wp-json\/wp\/v2\/types\/product"}],"replies":[{"embeddable":true,"href":"https:\/\/tukexperience.com\/es\/wp-json\/wp\/v2\/comments?post=942"}],"wp:featuredmedia":[{"embeddable":true,"href":"https:\/\/tukexperience.com\/es\/wp-json\/wp\/v2\/media\/959"}],"wp:attachment":[{"href":"https:\/\/tukexperience.com\/es\/wp-json\/wp\/v2\/media?parent=942"}],"wp:term":[{"taxonomy":"product_cat","embeddable":true,"href":"https:\/\/tukexperience.com\/es\/wp-json\/wp\/v2\/product_cat?post=942"},{"taxonomy":"product_tag","embeddable":true,"href":"https:\/\/tukexperience.com\/es\/wp-json\/wp\/v2\/product_tag?post=942"}],"curies":[{"name":"wp","href":"https:\/\/api.w.org\/{rel}","templated":true}]}}